{"id":32,"date":"2025-09-18T08:39:40","date_gmt":"2025-09-18T08:39:40","guid":{"rendered":"http:\/\/itinerances-foto.com\/?page_id=32"},"modified":"2026-03-26T17:30:25","modified_gmt":"2026-03-26T15:30:25","slug":"contact","status":"publish","type":"page","link":"https:\/\/itinerances-foto.com\/index.php\/contact\/","title":{"rendered":"Contact"},"content":{"rendered":"\n<figure class=\"wp-block-image size-large\"><img loading=\"lazy\" decoding=\"async\" width=\"1024\" height=\"128\" src=\"https:\/\/itinerances-foto.com\/wp-content\/uploads\/2025\/10\/bandeau-site-IF-Vague-Bernard-et-logo-3-1024x128.jpg\" alt=\"\" class=\"wp-image-294\" srcset=\"https:\/\/itinerances-foto.com\/wp-content\/uploads\/2025\/10\/bandeau-site-IF-Vague-Bernard-et-logo-3-1024x128.jpg 1024w, https:\/\/itinerances-foto.com\/wp-content\/uploads\/2025\/10\/bandeau-site-IF-Vague-Bernard-et-logo-3-300x38.jpg 300w, https:\/\/itinerances-foto.com\/wp-content\/uploads\/2025\/10\/bandeau-site-IF-Vague-Bernard-et-logo-3-768x96.jpg 768w, https:\/\/itinerances-foto.com\/wp-content\/uploads\/2025\/10\/bandeau-site-IF-Vague-Bernard-et-logo-3-850x106.jpg 850w, https:\/\/itinerances-foto.com\/wp-content\/uploads\/2025\/10\/bandeau-site-IF-Vague-Bernard-et-logo-3.jpg 1200w\" sizes=\"auto, (max-width: 1024px) 100vw, 1024px\" \/><\/figure>\n\n\n\n<div style=\"height:40px\" aria-hidden=\"true\" class=\"wp-block-spacer\"><\/div>\n\n\n\n<p>Pour toute question relative \u00e0 l&rsquo;organisation du festival, vous pouvez nous contacter par mail \u00e0 : &nbsp;<a href=\"mailto:itinerances.foto@gmail.com\">itinerances.foto@gmail.com<\/a><\/p>\n\n\n\n<div style=\"height:40px\" aria-hidden=\"true\" class=\"wp-block-spacer\"><\/div>\n\n\n\n<p>Retrouvez-nous et suivez notre actualit\u00e9 sur :<\/p>\n\n\n\n<figure class=\"wp-block-image size-large is-resized\"><a href=\"https:\/\/www.facebook.com\/itinerancesfoto\" target=\"_blank\" rel=\" noreferrer noopener\"><img loading=\"lazy\" decoding=\"async\" width=\"1024\" height=\"102\" src=\"https:\/\/itinerances-foto.com\/wp-content\/uploads\/2026\/03\/Instagram-facebook-New-1024x102.jpg\" alt=\"\" class=\"wp-image-1067\" style=\"width:370px;height:auto\" srcset=\"https:\/\/itinerances-foto.com\/wp-content\/uploads\/2026\/03\/Instagram-facebook-New-1024x102.jpg 1024w, https:\/\/itinerances-foto.com\/wp-content\/uploads\/2026\/03\/Instagram-facebook-New-300x30.jpg 300w, https:\/\/itinerances-foto.com\/wp-content\/uploads\/2026\/03\/Instagram-facebook-New-768x77.jpg 768w, https:\/\/itinerances-foto.com\/wp-content\/uploads\/2026\/03\/Instagram-facebook-New-850x85.jpg 850w, https:\/\/itinerances-foto.com\/wp-content\/uploads\/2026\/03\/Instagram-facebook-New.jpg 1500w\" sizes=\"auto, (max-width: 1024px) 100vw, 1024px\" \/><\/a><\/figure>\n\n\n\n<figure class=\"wp-block-image size-large is-resized\"><a href=\"https:\/\/www.instagram.com\/itinerances_foto\/\" target=\"_blank\" rel=\" noreferrer noopener\"><img loading=\"lazy\" decoding=\"async\" width=\"1024\" height=\"102\" src=\"https:\/\/itinerances-foto.com\/wp-content\/uploads\/2025\/11\/Instagram-1024x102.jpg\" alt=\"\" class=\"wp-image-330\" style=\"width:386px;height:auto\" srcset=\"https:\/\/itinerances-foto.com\/wp-content\/uploads\/2025\/11\/Instagram-1024x102.jpg 1024w, https:\/\/itinerances-foto.com\/wp-content\/uploads\/2025\/11\/Instagram-300x30.jpg 300w, https:\/\/itinerances-foto.com\/wp-content\/uploads\/2025\/11\/Instagram-768x77.jpg 768w, https:\/\/itinerances-foto.com\/wp-content\/uploads\/2025\/11\/Instagram-850x85.jpg 850w, https:\/\/itinerances-foto.com\/wp-content\/uploads\/2025\/11\/Instagram.jpg 1500w\" sizes=\"auto, (max-width: 1024px) 100vw, 1024px\" \/><\/a><\/figure>\n\n\n\n<p><\/p>\n","protected":false},"excerpt":{"rendered":"<p>Pour toute question relative \u00e0 l&rsquo;organisation du festival, vous pouvez nous contacter par mail \u00e0 : &nbsp;itinerances.foto@gmail.com Retrouvez-nous et suivez notre actualit\u00e9 sur :<\/p>\n","protected":false},"author":1,"featured_media":0,"parent":0,"menu_order":0,"comment_status":"closed","ping_status":"closed","template":"","meta":{"footnotes":""},"class_list":["post-32","page","type-page","status-publish","hentry"],"_links":{"self":[{"href":"https:\/\/itinerances-foto.com\/index.php\/wp-json\/wp\/v2\/pages\/32","targetHints":{"allow":["GET"]}}],"collection":[{"href":"https:\/\/itinerances-foto.com\/index.php\/wp-json\/wp\/v2\/pages"}],"about":[{"href":"https:\/\/itinerances-foto.com\/index.php\/wp-json\/wp\/v2\/types\/page"}],"author":[{"embeddable":true,"href":"https:\/\/itinerances-foto.com\/index.php\/wp-json\/wp\/v2\/users\/1"}],"replies":[{"embeddable":true,"href":"https:\/\/itinerances-foto.com\/index.php\/wp-json\/wp\/v2\/comments?post=32"}],"version-history":[{"count":14,"href":"https:\/\/itinerances-foto.com\/index.php\/wp-json\/wp\/v2\/pages\/32\/revisions"}],"predecessor-version":[{"id":1077,"href":"https:\/\/itinerances-foto.com\/index.php\/wp-json\/wp\/v2\/pages\/32\/revisions\/1077"}],"wp:attachment":[{"href":"https:\/\/itinerances-foto.com\/index.php\/wp-json\/wp\/v2\/media?parent=32"}],"curies":[{"name":"wp","href":"https:\/\/api.w.org\/{rel}","templated":true}]}}