{"id":288,"date":"2025-10-17T17:46:42","date_gmt":"2025-10-17T15:46:42","guid":{"rendered":"https:\/\/itinerances-foto.com\/?page_id=288"},"modified":"2025-10-17T17:46:42","modified_gmt":"2025-10-17T15:46:42","slug":"mentions-legales","status":"publish","type":"page","link":"https:\/\/itinerances-foto.com\/index.php\/mentions-legales\/","title":{"rendered":"MENTIONS L\u00c9GALES"},"content":{"rendered":"\n<p>Edition du 17 octobre 2025<\/p>\n\n\n\n<p>L\u2019ADRESSE DE NOTRE SITE EST&nbsp;&nbsp;:&nbsp;<a href=\"https:\/\/itinerances-foto.com\/\">https:\/\/itinerances-foto.com<\/a><\/p>\n\n\n\n<p>NOM DE L\u2019ASSOCIATION\u00a0:\u00a0Itin\u00e9rances (Siret n\u00b0 92421347300011)<\/p>\n\n\n\n<p>Adresse&nbsp;: 45 Quai de Bosc&nbsp; 34200 S\u00e8te<\/p>\n\n\n\n<p>Pr\u00e9sidente de l\u2019association&nbsp;: Madame Sylvie Magnani-Renoux<\/p>\n\n\n\n<p>Pour nous contacter&nbsp;:&nbsp;<a href=\"mailto:itinerances.foto@gmail.com\">itinerances.foto@gmail.com<\/a><\/p>\n\n\n\n<p>HEBERGEUR&nbsp;:<\/p>\n\n\n\n<p>Raison sociale&nbsp;:&nbsp;&nbsp;&nbsp;OVH<\/p>\n\n\n\n<p>Adresse du si\u00e8ge de l\u2019h\u00e9bergeur&nbsp;:&nbsp;&nbsp;&nbsp;2 rue Kellermann&nbsp;&nbsp;&nbsp;&nbsp;&nbsp;59100 Roubaix<\/p>\n\n\n\n<p>Num\u00e9ro de t\u00e9l\u00e9phone de l\u2019h\u00e9bergeur&nbsp;:&nbsp;&nbsp;09 72 10 10 07<\/p>\n\n\n\n<p>CONTENT MANAGEMENT SYSTEM&nbsp;: WordPress.org<\/p>\n\n\n\n<p>COOKIES :<\/p>\n\n\n\n<p>L\u2019utilisateur est inform\u00e9 que lors de ses visites sur le site www.itinerances-foto.com, un cookie peut s\u2019installer automatiquement sur son logiciel de navigation. Le cookie est un bloc de donn\u00e9es qui ne permet pas d\u2019identifier les utilisateurs mais sert \u00e0 enregistrer les informations relatives \u00e0 la navigation de celui-ci sur le site.<\/p>\n\n\n\n<p>Les cookies d\u00e9pos\u00e9s lors de votre navigation sur le site www.itinerances-foto.com, ont notamment pour but d\u2019\u00e9tablir des statistiques et volumes de fr\u00e9quentation afin d\u2019am\u00e9liorer l\u2019int\u00e9r\u00eat et le fonctionnement de notre site.<\/p>\n\n\n\n<p>En poursuivant votre navigation sur le site, vous acceptez l\u2019utilisation des cookies. Vous pouvez \u00e0 tout moment choisir de bloquer ou de d\u00e9sactiver ces cookies en param\u00e9trant votre logiciel de navigation, conform\u00e9ment aux instructions \u00e9tablies par votre fournisseur de navigateur internet et tel que d\u00e9crit sur le site de la Commission nationale de l\u2019informatique et des libert\u00e9s (CNIL) www.cnil.fr.<\/p>\n\n\n\n<p>RGPD&nbsp;:&nbsp;<\/p>\n\n\n\n<p>Notre site ne contient pas de formulaire de contact, il ne r\u00e9colte pas de donn\u00e9es \u00e0 caract\u00e8re personnel, et ne comporte pas de base de donn\u00e9es stockant des donn\u00e9es \u00e0 caract\u00e8re personnel. Il n\u2019est donc pas soumis \u00e0 la R\u00e9glementation G\u00e9n\u00e9rale sur la Protection des Donn\u00e9es.<\/p>\n\n\n\n<p>DROIT A RECTIFICATION ET SUPPRESSION DES DONN\u00c9ES&nbsp;:&nbsp;<\/p>\n\n\n\n<p>Notre site a pour but de faire la promotion du festival Itin\u00e9rances Foto (IF), et des photographes qui ont \u00e9t\u00e9 invit\u00e9s ou s\u00e9lectionn\u00e9s sur appel \u00e0 candidature. Dans les fiches de pr\u00e9sentation des photographes, sont mentionn\u00e9s leur nom et leur biographie, tels que transmis par eux-m\u00eames. Les photographes ont le droit de demander des rectifications ou m\u00eame la suppression des informations les concernant.<\/p>\n\n\n\n<p>Pour cela, merci d\u2019\u00e9crire \u00e0&nbsp;<a href=\"mailto:itinerances.foto@gmail.com\">itinerances.foto@gmail.com<\/a><\/p>\n\n\n\n<p>PROPRI\u00c9T\u00c9 INTELLECTUELLE&nbsp;:<\/p>\n\n\n\n<p>\u00c0 l\u2019exception de l\u2019utilisation priv\u00e9e \u00e0 des fins strictement personnelles, toute reproduction, toute repr\u00e9sentation totale ou partielle, toute utilisation, toute adaptation, toute mise \u00e0 disposition ou modification des \u0153uvres, images, textes, documents t\u00e9l\u00e9chargeables, fichiers vid\u00e9o ou sonores du site Internet, par quelque proc\u00e9d\u00e9 que ce soit, par quelque personne que ce soit et par quelque moyen que ce soit (notamment la vente, la commercialisation, etc.) sans l\u2019autorisation expresse d\u2019Itin\u00e9rances, des \u00e9ventuels auteurs ou de leurs ayants droits, est strictement interdite et constitue un d\u00e9lit de contrefa\u00e7on au sens du code de la propri\u00e9t\u00e9 intellectuelle.<\/p>\n\n\n\n<p>LIENS HYPERTEXTES&nbsp;:<\/p>\n\n\n\n<p>La mise en place d\u2019un lien hypertexte pointant vers le contenu du site Internet d\u2019Itin\u00e9rances Foto&nbsp;ou de l\u2019un de ses \u00e9l\u00e9ments, est autoris\u00e9e sous r\u00e9serve de :<\/p>\n\n\n\n<ul class=\"wp-block-list\">\n<li>le\u00a0rendre accessible par l\u2019ouverture d\u2019une nouvelle fen\u00eatre ;<\/li>\n\n\n\n<li>mentionner\u00a0la source qui pointera gr\u00e2ce \u00e0 un lien hypertexte directement sur le contenu vis\u00e9 ;<\/li>\n\n\n\n<li>ne\u00a0pas utiliser ces informations \u00e0 des fins commerciales ou publicitaires.<\/li>\n<\/ul>\n\n\n\n<p>Cette autorisation ne s\u2019applique pas aux sites Internet diffusant des informations \u00e0 caract\u00e8re pol\u00e9mique, pornographique, x\u00e9nophobe ou pouvant, dans une plus large mesure, porter atteinte \u00e0 la sensibilit\u00e9 du plus grand nombre.<\/p>\n\n\n\n<p>Le site&nbsp;www.itinerances-foto.com&nbsp;propose de nombreux liens vers d\u2019autres sites, essentiellement des sites officiels (institutions, organismes publics, etc.) mais aussi vers des sites d\u2019associations ou d\u2019entreprises partenaires. Ces pages web, dont les adresses sont r\u00e9guli\u00e8rement v\u00e9rifi\u00e9es, ne font pas partie du site public et officiel&nbsp;www.itinerances-foto.com<\/p>\n\n\n\n<p>Itin\u00e9rances&nbsp;n\u2019est pas responsable de la teneur desdits autres sites, et ne sera tenu responsable d\u2019aucun dommage ou pr\u00e9judice en d\u00e9coulant.<\/p>\n","protected":false},"excerpt":{"rendered":"<p>Edition du 17 octobre 2025 L\u2019ADRESSE DE NOTRE SITE EST&nbsp;&nbsp;:&nbsp;https:\/\/itinerances-foto.com NOM DE L\u2019ASSOCIATION\u00a0:\u00a0Itin\u00e9rances (Siret n\u00b0 92421347300011) Adresse&nbsp;: 45 Quai de Bosc&nbsp; 34200 S\u00e8te Pr\u00e9sidente de l\u2019association&nbsp;: Madame Sylvie Magnani-Renoux Pour nous contacter&nbsp;:&nbsp;itinerances.foto@gmail.com HEBERGEUR&nbsp;: Raison sociale&nbsp;:&nbsp;&nbsp;&nbsp;OVH Adresse du si\u00e8ge de l\u2019h\u00e9bergeur&nbsp;:&nbsp;&nbsp;&nbsp;2 rue Kellermann&nbsp;&nbsp;&nbsp;&nbsp;&nbsp;59100 Roubaix Num\u00e9ro de t\u00e9l\u00e9phone de l\u2019h\u00e9bergeur&nbsp;:&nbsp;&nbsp;09 72 10 10 07 CONTENT MANAGEMENT SYSTEM&nbsp;:&#8230;<\/p>\n","protected":false},"author":1,"featured_media":0,"parent":0,"menu_order":0,"comment_status":"closed","ping_status":"closed","template":"","meta":{"footnotes":""},"class_list":["post-288","page","type-page","status-publish","hentry"],"_links":{"self":[{"href":"https:\/\/itinerances-foto.com\/index.php\/wp-json\/wp\/v2\/pages\/288","targetHints":{"allow":["GET"]}}],"collection":[{"href":"https:\/\/itinerances-foto.com\/index.php\/wp-json\/wp\/v2\/pages"}],"about":[{"href":"https:\/\/itinerances-foto.com\/index.php\/wp-json\/wp\/v2\/types\/page"}],"author":[{"embeddable":true,"href":"https:\/\/itinerances-foto.com\/index.php\/wp-json\/wp\/v2\/users\/1"}],"replies":[{"embeddable":true,"href":"https:\/\/itinerances-foto.com\/index.php\/wp-json\/wp\/v2\/comments?post=288"}],"version-history":[{"count":1,"href":"https:\/\/itinerances-foto.com\/index.php\/wp-json\/wp\/v2\/pages\/288\/revisions"}],"predecessor-version":[{"id":289,"href":"https:\/\/itinerances-foto.com\/index.php\/wp-json\/wp\/v2\/pages\/288\/revisions\/289"}],"wp:attachment":[{"href":"https:\/\/itinerances-foto.com\/index.php\/wp-json\/wp\/v2\/media?parent=288"}],"curies":[{"name":"wp","href":"https:\/\/api.w.org\/{rel}","templated":true}]}}