{"id":23,"date":"2025-09-18T08:28:26","date_gmt":"2025-09-18T08:28:26","guid":{"rendered":"http:\/\/itinerances-foto.com\/?page_id=23"},"modified":"2026-04-12T22:08:36","modified_gmt":"2026-04-12T20:08:36","slug":"presse","status":"publish","type":"page","link":"https:\/\/itinerances-foto.com\/index.php\/presse\/","title":{"rendered":"Presse"},"content":{"rendered":"\n<figure class=\"wp-block-image size-large\"><img loading=\"lazy\" decoding=\"async\" width=\"1024\" height=\"128\" src=\"https:\/\/itinerances-foto.com\/wp-content\/uploads\/2025\/09\/cropped-bandeau-site-IF-Vague-Bernard-et-logo-2-1024x128.jpg\" alt=\"\" class=\"wp-image-198\" srcset=\"https:\/\/itinerances-foto.com\/wp-content\/uploads\/2025\/09\/cropped-bandeau-site-IF-Vague-Bernard-et-logo-2-1024x128.jpg 1024w, https:\/\/itinerances-foto.com\/wp-content\/uploads\/2025\/09\/cropped-bandeau-site-IF-Vague-Bernard-et-logo-2-300x38.jpg 300w, https:\/\/itinerances-foto.com\/wp-content\/uploads\/2025\/09\/cropped-bandeau-site-IF-Vague-Bernard-et-logo-2-768x96.jpg 768w, https:\/\/itinerances-foto.com\/wp-content\/uploads\/2025\/09\/cropped-bandeau-site-IF-Vague-Bernard-et-logo-2-850x106.jpg 850w, https:\/\/itinerances-foto.com\/wp-content\/uploads\/2025\/09\/cropped-bandeau-site-IF-Vague-Bernard-et-logo-2.jpg 1200w\" sizes=\"auto, (max-width: 1024px) 100vw, 1024px\" \/><\/figure>\n\n\n\n<div style=\"height:50px\" aria-hidden=\"true\" class=\"wp-block-spacer\"><\/div>\n\n\n\n<p>Sur ordinateur, vous pouvez visualiser le dossier de presse en faisant d\u00e9filer les pages, ou t\u00e9l\u00e9charger le PDF (6 Mo) via le lien en bas de page. (non disponible sur smartphone).<\/p>\n\n\n\n<div style=\"height:20px\" aria-hidden=\"true\" class=\"wp-block-spacer\"><\/div>\n\n\n\n<div data-wp-interactive=\"core\/file\" class=\"wp-block-file superb-addons-hide-on-mobile superb-addons-hide-on-tablet\"><object data-wp-bind--hidden=\"!state.hasPdfPreview\" hidden class=\"wp-block-file__embed\" data=\"https:\/\/itinerances-foto.com\/wp-content\/uploads\/2026\/04\/IF-2026-DP-Vcomp.pdf\" type=\"application\/pdf\" style=\"width:100%;height:1150px\" aria-label=\"Contenu embarqu\u00e9 IF 2026 - DP Vcomp.\"><\/object><a id=\"wp-block-file--media-a21d4dfb-7802-4536-b308-27a3246724d3\" href=\"https:\/\/itinerances-foto.com\/wp-content\/uploads\/2026\/04\/IF-2026-DP-Vcomp.pdf\">IF 2026 &#8211; DP Vcomp<\/a><a href=\"https:\/\/itinerances-foto.com\/wp-content\/uploads\/2026\/04\/IF-2026-DP-Vcomp.pdf\" class=\"wp-block-file__button wp-element-button\" download aria-describedby=\"wp-block-file--media-a21d4dfb-7802-4536-b308-27a3246724d3\">T\u00e9l\u00e9charger<\/a><\/div>\n\n\n\n<p><\/p>\n","protected":false},"excerpt":{"rendered":"<p>Sur ordinateur, vous pouvez visualiser le dossier de presse en faisant d\u00e9filer les pages, ou t\u00e9l\u00e9charger le PDF (6 Mo) via le lien en bas de page. (non disponible sur smartphone).<\/p>\n","protected":false},"author":1,"featured_media":0,"parent":0,"menu_order":0,"comment_status":"closed","ping_status":"closed","template":"","meta":{"footnotes":""},"class_list":["post-23","page","type-page","status-publish","hentry"],"_links":{"self":[{"href":"https:\/\/itinerances-foto.com\/index.php\/wp-json\/wp\/v2\/pages\/23","targetHints":{"allow":["GET"]}}],"collection":[{"href":"https:\/\/itinerances-foto.com\/index.php\/wp-json\/wp\/v2\/pages"}],"about":[{"href":"https:\/\/itinerances-foto.com\/index.php\/wp-json\/wp\/v2\/types\/page"}],"author":[{"embeddable":true,"href":"https:\/\/itinerances-foto.com\/index.php\/wp-json\/wp\/v2\/users\/1"}],"replies":[{"embeddable":true,"href":"https:\/\/itinerances-foto.com\/index.php\/wp-json\/wp\/v2\/comments?post=23"}],"version-history":[{"count":7,"href":"https:\/\/itinerances-foto.com\/index.php\/wp-json\/wp\/v2\/pages\/23\/revisions"}],"predecessor-version":[{"id":1170,"href":"https:\/\/itinerances-foto.com\/index.php\/wp-json\/wp\/v2\/pages\/23\/revisions\/1170"}],"wp:attachment":[{"href":"https:\/\/itinerances-foto.com\/index.php\/wp-json\/wp\/v2\/media?parent=23"}],"curies":[{"name":"wp","href":"https:\/\/api.w.org\/{rel}","templated":true}]}}