{"id":226,"date":"2025-09-27T15:27:44","date_gmt":"2025-09-27T13:27:44","guid":{"rendered":"https:\/\/itinerances-foto.com\/?page_id=226"},"modified":"2026-04-12T18:48:45","modified_gmt":"2026-04-12T16:48:45","slug":"edition-2025","status":"publish","type":"page","link":"https:\/\/itinerances-foto.com\/index.php\/edition-2025\/","title":{"rendered":"Edition 2025"},"content":{"rendered":"\n<p>Dossier de presse IF 2025<\/p>\n\n\n\n<div data-wp-interactive=\"core\/file\" class=\"wp-block-file has-white-background-color has-background\"><object data-wp-bind--hidden=\"!state.hasPdfPreview\" hidden class=\"wp-block-file__embed\" data=\"https:\/\/itinerances-foto.com\/wp-content\/uploads\/2025\/09\/Itinerances-Foto-2025-DP.pdf\" type=\"application\/pdf\" style=\"width:100%;height:1150px\" aria-label=\"Contenu embarqu\u00e9 &lt;strong&gt;Itin\u00e9rances Foto 2025 DP&lt;\/strong&gt;.\"><\/object><a id=\"wp-block-file--media-21e71d9c-a191-433b-9692-adbf1068501d\" href=\"https:\/\/itinerances-foto.com\/wp-content\/uploads\/2025\/09\/Itinerances-Foto-2025-DP.pdf\"><strong>Itin\u00e9rances Foto 2025 DP<\/strong><\/a><a href=\"https:\/\/itinerances-foto.com\/wp-content\/uploads\/2025\/09\/Itinerances-Foto-2025-DP.pdf\" class=\"wp-block-file__button wp-element-button\" download aria-describedby=\"wp-block-file--media-21e71d9c-a191-433b-9692-adbf1068501d\">T\u00e9l\u00e9charger<\/a><\/div>\n\n\n\n<figure class=\"wp-block-image size-full\"><img loading=\"lazy\" decoding=\"async\" width=\"10\" height=\"10\" src=\"https:\/\/itinerances-foto.com\/wp-content\/uploads\/2025\/10\/Carre-blanc.jpg\" alt=\"\" class=\"wp-image-275\"\/><\/figure>\n\n\n\n<p>Programme IF 2025<\/p>\n\n\n\n<div data-wp-interactive=\"core\/file\" class=\"wp-block-file\"><object data-wp-bind--hidden=\"!state.hasPdfPreview\" hidden class=\"wp-block-file__embed\" data=\"https:\/\/itinerances-foto.com\/wp-content\/uploads\/2025\/10\/IF-programme-A3-J-Seul.pdf\" type=\"application\/pdf\" style=\"width:100%;height:600px\" aria-label=\"Contenu embarqu\u00e9 IF-programme-A3-J-Seul.\"><\/object><a id=\"wp-block-file--media-97cd0314-a238-4e3b-9619-943056e03e05\" href=\"https:\/\/itinerances-foto.com\/wp-content\/uploads\/2025\/10\/IF-programme-A3-J-Seul.pdf\">IF-programme-A3-J-Seul<\/a><a href=\"https:\/\/itinerances-foto.com\/wp-content\/uploads\/2025\/10\/IF-programme-A3-J-Seul.pdf\" class=\"wp-block-file__button wp-element-button\" download aria-describedby=\"wp-block-file--media-97cd0314-a238-4e3b-9619-943056e03e05\">T\u00e9l\u00e9charger<\/a><\/div>\n\n\n\n<figure class=\"wp-block-image size-full is-resized\"><img loading=\"lazy\" decoding=\"async\" width=\"10\" height=\"10\" src=\"https:\/\/itinerances-foto.com\/wp-content\/uploads\/2025\/10\/Carre-blanc.jpg\" alt=\"\" class=\"wp-image-275\" style=\"width:29px;height:auto\"\/><\/figure>\n\n\n\n<p>Reportage r\u00e9alis\u00e9 par France 3 Languedoc Roussillon diffus\u00e9 27 mai 2025<\/p>\n\n\n\n<figure class=\"wp-block-video\"><video height=\"720\" style=\"aspect-ratio: 1280 \/ 720;\" width=\"1280\" controls src=\"https:\/\/itinerances-foto.com\/wp-content\/uploads\/2025\/10\/France-3-reportage-27-mai-2025.mp4\"><\/video><\/figure>\n\n\n\n<div style=\"height:40px\" aria-hidden=\"true\" class=\"wp-block-spacer\"><\/div>\n\n\n\n<p>L&rsquo;\u00e9dition 2025 en images &#8230;<\/p>\n\n\n\n<figure class=\"wp-block-video\"><video height=\"720\" style=\"aspect-ratio: 1280 \/ 720;\" width=\"1280\" controls src=\"https:\/\/itinerances-foto.com\/wp-content\/uploads\/2025\/11\/IF-2025-Ed1.mp4\"><\/video><\/figure>\n\n\n\n<div style=\"height:40px\" aria-hidden=\"true\" class=\"wp-block-spacer\"><\/div>\n\n\n\n<p>Extraits de la revue de presse 2025<\/p>\n\n\n\n<div data-wp-interactive=\"core\/file\" class=\"wp-block-file\"><object data-wp-bind--hidden=\"!state.hasPdfPreview\" hidden class=\"wp-block-file__embed\" data=\"https:\/\/itinerances-foto.com\/wp-content\/uploads\/2025\/12\/Extraits-revue-de-presse-IF-2025.pdf\" type=\"application\/pdf\" style=\"width:100%;height:600px\" aria-label=\"Contenu embarqu\u00e9 Extraits revue de presse IF 2025.\"><\/object><a id=\"wp-block-file--media-0459b5d0-6c01-4fcf-8a08-702d99d6340b\" href=\"https:\/\/itinerances-foto.com\/wp-content\/uploads\/2025\/12\/Extraits-revue-de-presse-IF-2025.pdf\">Extraits revue de presse IF 2025<\/a><a href=\"https:\/\/itinerances-foto.com\/wp-content\/uploads\/2025\/12\/Extraits-revue-de-presse-IF-2025.pdf\" class=\"wp-block-file__button wp-element-button\" download aria-describedby=\"wp-block-file--media-0459b5d0-6c01-4fcf-8a08-702d99d6340b\">T\u00e9l\u00e9charger<\/a><\/div>\n","protected":false},"excerpt":{"rendered":"<p>Dossier de presse IF 2025 Programme IF 2025 Reportage r\u00e9alis\u00e9 par France 3 Languedoc Roussillon diffus\u00e9 27 mai 2025 L&rsquo;\u00e9dition 2025 en images &#8230; Extraits de la revue de presse 2025<\/p>\n","protected":false},"author":1,"featured_media":0,"parent":0,"menu_order":0,"comment_status":"closed","ping_status":"closed","template":"","meta":{"footnotes":""},"class_list":["post-226","page","type-page","status-publish","hentry"],"_links":{"self":[{"href":"https:\/\/itinerances-foto.com\/index.php\/wp-json\/wp\/v2\/pages\/226","targetHints":{"allow":["GET"]}}],"collection":[{"href":"https:\/\/itinerances-foto.com\/index.php\/wp-json\/wp\/v2\/pages"}],"about":[{"href":"https:\/\/itinerances-foto.com\/index.php\/wp-json\/wp\/v2\/types\/page"}],"author":[{"embeddable":true,"href":"https:\/\/itinerances-foto.com\/index.php\/wp-json\/wp\/v2\/users\/1"}],"replies":[{"embeddable":true,"href":"https:\/\/itinerances-foto.com\/index.php\/wp-json\/wp\/v2\/comments?post=226"}],"version-history":[{"count":16,"href":"https:\/\/itinerances-foto.com\/index.php\/wp-json\/wp\/v2\/pages\/226\/revisions"}],"predecessor-version":[{"id":1161,"href":"https:\/\/itinerances-foto.com\/index.php\/wp-json\/wp\/v2\/pages\/226\/revisions\/1161"}],"wp:attachment":[{"href":"https:\/\/itinerances-foto.com\/index.php\/wp-json\/wp\/v2\/media?parent=226"}],"curies":[{"name":"wp","href":"https:\/\/api.w.org\/{rel}","templated":true}]}}