{"id":213,"date":"2025-09-24T22:44:15","date_gmt":"2025-09-24T20:44:15","guid":{"rendered":"https:\/\/itinerances-foto.com\/?page_id=213"},"modified":"2025-10-17T18:02:16","modified_gmt":"2025-10-17T16:02:16","slug":"qui-sommes-nous","status":"publish","type":"page","link":"https:\/\/itinerances-foto.com\/index.php\/qui-sommes-nous\/","title":{"rendered":"Qui sommes-nous ?"},"content":{"rendered":"\n<figure class=\"wp-block-image size-large\"><img loading=\"lazy\" decoding=\"async\" width=\"1024\" height=\"128\" src=\"https:\/\/itinerances-foto.com\/wp-content\/uploads\/2025\/10\/bandeau-site-IF-Vague-Bernard-et-logo-3-1024x128.jpg\" alt=\"\" class=\"wp-image-294\" srcset=\"https:\/\/itinerances-foto.com\/wp-content\/uploads\/2025\/10\/bandeau-site-IF-Vague-Bernard-et-logo-3-1024x128.jpg 1024w, https:\/\/itinerances-foto.com\/wp-content\/uploads\/2025\/10\/bandeau-site-IF-Vague-Bernard-et-logo-3-300x38.jpg 300w, https:\/\/itinerances-foto.com\/wp-content\/uploads\/2025\/10\/bandeau-site-IF-Vague-Bernard-et-logo-3-768x96.jpg 768w, https:\/\/itinerances-foto.com\/wp-content\/uploads\/2025\/10\/bandeau-site-IF-Vague-Bernard-et-logo-3-850x106.jpg 850w, https:\/\/itinerances-foto.com\/wp-content\/uploads\/2025\/10\/bandeau-site-IF-Vague-Bernard-et-logo-3.jpg 1200w\" sizes=\"auto, (max-width: 1024px) 100vw, 1024px\" \/><\/figure>\n\n\n\n<figure class=\"wp-block-image size-full\"><img loading=\"lazy\" decoding=\"async\" width=\"10\" height=\"10\" src=\"https:\/\/itinerances-foto.com\/wp-content\/uploads\/2025\/10\/Carre-blanc.jpg\" alt=\"\" class=\"wp-image-275\"\/><\/figure>\n\n\n\n<p><strong>Qui sont les membres d\u2019Itin\u00e9rances Foto&nbsp;?<\/strong><\/p>\n\n\n\n<p><strong>Nous sommes des passionn\u00e9s d\u2019art et de culture, photographes, plasticiens, porteurs de projets culturels, galeristes, et m\u00eame collectionneurs de photographies ou d\u2019appareils anciens vivant \u00e0 S\u00e8te ou dans sa r\u00e9gion.<\/strong><\/p>\n\n\n\n<p><strong>Tous tr\u00e8s impliqu\u00e9s dans le milieu de la photographie et dans le tissu associatif, nous avons d\u00e9cid\u00e9 fin 2022 de fonder une association ayant \u00ab&nbsp;Itin\u00e9rances \u00bb pour appellation et pour objectif principal de se consacrer \u00e0 la recherche et \u00e0 la mise en valeur des arts visuels, afin d\u2019enrichir, \u00e9clairer, \u00e9tonner le regardeur en qu\u00eate d\u2019\u00e9motions.<\/strong><\/p>\n\n\n\n<p><strong>C\u2019est ainsi que d\u00e9but 2023 notre association a cr\u00e9\u00e9 la premi\u00e8re \u00e9dition du festival photographique \u00ab&nbsp;Itin\u00e9rances Foto&nbsp;\u00bb, sous la forme d\u2019un parcours dans la ville de S\u00e8te en mai, ouvert gratuitement \u00e0 tous les publics. De nouvelles \u00e9ditions s\u2019en sont suivies, en 2024 et 2025, \u00e0 la m\u00eame p\u00e9riode, mais enrichies d\u2019ann\u00e9e en ann\u00e9e en nombres de photographes, de lieux, et de publics enthousiastes.&nbsp;<\/strong><\/p>\n\n\n\n<p><strong>Attach\u00e9s \u00e0 notre ville et \u00e0 sa singularit\u00e9, nous vous invitons \u00e0 partager sa richesse \u00e0 travers ce parcours photographique qui refl\u00e8te, par la multiplicit\u00e9 des propositions, les valeurs humanistes de solidarit\u00e9 et de respect des diversit\u00e9s, tout en s\u2019attachant aux d\u00e9fenses des enjeux environnementaux.<\/strong><strong><\/strong><\/p>\n\n\n\n<p><strong>Nous souhaitons qu\u2019Itin\u00e9rances Foto s\u2019inscrive dans l\u2019univers contemporain de la photographie, en valorise la cr\u00e9ation dans la pluralit\u00e9 des pratiques, techniques et esth\u00e9tiques,&nbsp;<\/strong><strong>et s\u2019ouvre sans limites ni distinctions aux plus larges publics, profanes ou connaisseurs.<\/strong><strong><\/strong><\/p>\n","protected":false},"excerpt":{"rendered":"<p>Qui sont les membres d\u2019Itin\u00e9rances Foto&nbsp;? Nous sommes des passionn\u00e9s d\u2019art et de culture, photographes, plasticiens, porteurs de projets culturels, galeristes, et m\u00eame collectionneurs de photographies ou d\u2019appareils anciens vivant \u00e0 S\u00e8te ou dans sa r\u00e9gion. Tous tr\u00e8s impliqu\u00e9s dans le milieu de la photographie et dans le tissu associatif, nous avons d\u00e9cid\u00e9 fin 2022&#8230;<\/p>\n","protected":false},"author":1,"featured_media":0,"parent":0,"menu_order":0,"comment_status":"closed","ping_status":"closed","template":"","meta":{"footnotes":""},"class_list":["post-213","page","type-page","status-publish","hentry"],"_links":{"self":[{"href":"https:\/\/itinerances-foto.com\/index.php\/wp-json\/wp\/v2\/pages\/213","targetHints":{"allow":["GET"]}}],"collection":[{"href":"https:\/\/itinerances-foto.com\/index.php\/wp-json\/wp\/v2\/pages"}],"about":[{"href":"https:\/\/itinerances-foto.com\/index.php\/wp-json\/wp\/v2\/types\/page"}],"author":[{"embeddable":true,"href":"https:\/\/itinerances-foto.com\/index.php\/wp-json\/wp\/v2\/users\/1"}],"replies":[{"embeddable":true,"href":"https:\/\/itinerances-foto.com\/index.php\/wp-json\/wp\/v2\/comments?post=213"}],"version-history":[{"count":6,"href":"https:\/\/itinerances-foto.com\/index.php\/wp-json\/wp\/v2\/pages\/213\/revisions"}],"predecessor-version":[{"id":297,"href":"https:\/\/itinerances-foto.com\/index.php\/wp-json\/wp\/v2\/pages\/213\/revisions\/297"}],"wp:attachment":[{"href":"https:\/\/itinerances-foto.com\/index.php\/wp-json\/wp\/v2\/media?parent=213"}],"curies":[{"name":"wp","href":"https:\/\/api.w.org\/{rel}","templated":true}]}}