{"id":2,"date":"2025-09-15T08:36:31","date_gmt":"2025-09-15T08:36:31","guid":{"rendered":"http:\/\/itinerances-foto.com\/?page_id=2"},"modified":"2026-04-15T21:53:18","modified_gmt":"2026-04-15T19:53:18","slug":"accueil-if","status":"publish","type":"page","link":"https:\/\/itinerances-foto.com\/","title":{"rendered":"Accueil IF 2026"},"content":{"rendered":"\n<div class=\"wp-block-gutsliders-photo-carousel gutslider-ae224e05 nav_outside nav_cc\" data-swiper-options=\"{&quot;slidesPerView&quot;:1,&quot;spaceBetween&quot;:0,&quot;loop&quot;:true,&quot;autoplay&quot;:{&quot;delay&quot;:1000,&quot;pauseOnMouseEnter&quot;:true,&quot;stopOnLastSlide&quot;:false,&quot;reverseDirection&quot;:false},&quot;speed&quot;:3000,&quot;effect&quot;:&quot;slide&quot;,&quot;keyboard&quot;:{&quot;enabled&quot;:false},&quot;mousewheel&quot;:false,&quot;breakpoints&quot;:{&quot;320&quot;:{&quot;slidesPerView&quot;:1,&quot;spaceBetween&quot;:0},&quot;768&quot;:{&quot;slidesPerView&quot;:2,&quot;spaceBetween&quot;:15},&quot;1025&quot;:{&quot;slidesPerView&quot;:&quot;1&quot;,&quot;spaceBetween&quot;:15}},&quot;navigation&quot;:false,&quot;pagination&quot;:false}\"><div class=\"swiper\"><div class=\"swiper-wrapper\"><div class=\"swiper-slide\"><div class=\"swiper-container-outer none\"><img decoding=\"async\" src=\"https:\/\/itinerances-foto.com\/wp-content\/uploads\/2026\/03\/1-Dolores-1-OK.webp\" alt=\"\"\/><div class=\"gutslider-caption bottom__left full__width\">Dolores MARAT<\/div><\/div><\/div><div class=\"swiper-slide\"><div class=\"swiper-container-outer none\"><img decoding=\"async\" src=\"https:\/\/itinerances-foto.com\/wp-content\/uploads\/2026\/03\/1-Dolores-2-OK.webp\" alt=\"\"\/><div class=\"gutslider-caption bottom__left full__width\">Dolores MARAT<\/div><\/div><\/div><div class=\"swiper-slide\"><div class=\"swiper-container-outer none\"><img decoding=\"async\" src=\"https:\/\/itinerances-foto.com\/wp-content\/uploads\/2026\/03\/2-ALCOCK-1.webp\" alt=\"\"\/><div class=\"gutslider-caption bottom__left full__width\">Ed ALCOCK<\/div><\/div><\/div><div class=\"swiper-slide\"><div class=\"swiper-container-outer none\"><img decoding=\"async\" src=\"https:\/\/itinerances-foto.com\/wp-content\/uploads\/2026\/03\/2-ALCOCK-2.webp\" alt=\"\"\/><div class=\"gutslider-caption bottom__left full__width\">Ed ALCOCK<\/div><\/div><\/div><div class=\"swiper-slide\"><div class=\"swiper-container-outer none\"><img decoding=\"async\" src=\"https:\/\/itinerances-foto.com\/wp-content\/uploads\/2026\/03\/Abour-4.webp\" alt=\"\"\/><div class=\"gutslider-caption bottom__left full__width\">V\u00e9ronique ABOUR<\/div><\/div><\/div><div class=\"swiper-slide\"><div class=\"swiper-container-outer none\"><img decoding=\"async\" src=\"https:\/\/itinerances-foto.com\/wp-content\/uploads\/2026\/03\/Montpellier-4.webp\" alt=\"\"\/><div class=\"gutslider-caption bottom__left full__width\">Addict aux Sciences<\/div><\/div><\/div><div class=\"swiper-slide\"><div class=\"swiper-container-outer none\"><img decoding=\"async\" src=\"https:\/\/itinerances-foto.com\/wp-content\/uploads\/2026\/03\/Andorra-4.webp\" alt=\"\"\/><div class=\"gutslider-caption bottom__left full__width\">Vincent ANDORRA<\/div><\/div><\/div><div class=\"swiper-slide\"><div class=\"swiper-container-outer none\"><img decoding=\"async\" src=\"https:\/\/itinerances-foto.com\/wp-content\/uploads\/2026\/03\/Mancione-5.webp\" alt=\"\"\/><div class=\"gutslider-caption bottom__left full__width\">Ata.100.t   Lucas MANCIONE et Yann MERLIN<\/div><\/div><\/div><div class=\"swiper-slide\"><div class=\"swiper-container-outer none\"><img decoding=\"async\" src=\"https:\/\/itinerances-foto.com\/wp-content\/uploads\/2026\/03\/Aoulad-4.webp\" alt=\"\"\/><div class=\"gutslider-caption bottom__left full__width\">Daoud AOULAD SYAD<\/div><\/div><\/div><div class=\"swiper-slide\"><div class=\"swiper-container-outer none\"><img decoding=\"async\" src=\"https:\/\/itinerances-foto.com\/wp-content\/uploads\/2026\/03\/Beaumont-4.webp\" alt=\"\"\/><div class=\"gutslider-caption bottom__left full__width\">Elsa BEAUMONT<\/div><\/div><\/div><div class=\"swiper-slide\"><div class=\"swiper-container-outer none\"><img decoding=\"async\" src=\"https:\/\/itinerances-foto.com\/wp-content\/uploads\/2026\/03\/Briot-OK-4.webp\" alt=\"\"\/><div class=\"gutslider-caption bottom__left full__width\">Lionel BRIOT<\/div><\/div><\/div><div class=\"swiper-slide\"><div class=\"swiper-container-outer none\"><img decoding=\"async\" src=\"https:\/\/itinerances-foto.com\/wp-content\/uploads\/2026\/03\/Canault-4.webp\" alt=\"\"\/><div class=\"gutslider-caption bottom__left full__width\">Robert CANAULT<\/div><\/div><\/div><div class=\"swiper-slide\"><div class=\"swiper-container-outer none\"><img decoding=\"async\" src=\"https:\/\/itinerances-foto.com\/wp-content\/uploads\/2026\/03\/Caradec-4.webp\" alt=\"\"\/><div class=\"gutslider-caption bottom__left full__width\">Jean-Luc CARADEC<\/div><\/div><\/div><div class=\"swiper-slide\"><div class=\"swiper-container-outer none\"><img decoding=\"async\" src=\"https:\/\/itinerances-foto.com\/wp-content\/uploads\/2026\/03\/Carluccio-4.webp\" alt=\"\"\/><div class=\"gutslider-caption bottom__left full__width\">Flavia CARLUCCIO<\/div><\/div><\/div><div class=\"swiper-slide\"><div class=\"swiper-container-outer none\"><img decoding=\"async\" src=\"https:\/\/itinerances-foto.com\/wp-content\/uploads\/2026\/03\/Contini-4.webp\" alt=\"\"\/><div class=\"gutslider-caption bottom__left full__width\">Thierry CONTINI<\/div><\/div><\/div><div class=\"swiper-slide\"><div class=\"swiper-container-outer none\"><img decoding=\"async\" src=\"https:\/\/itinerances-foto.com\/wp-content\/uploads\/2026\/03\/Dauba-4.webp\" alt=\"\"\/><div class=\"gutslider-caption bottom__left full__width\">David DAUBA<\/div><\/div><\/div><div class=\"swiper-slide\"><div class=\"swiper-container-outer none\"><img decoding=\"async\" src=\"https:\/\/itinerances-foto.com\/wp-content\/uploads\/2026\/03\/Desprez-4.webp\" alt=\"\"\/><div class=\"gutslider-caption bottom__left full__width\">Bertrand DESPREZ<\/div><\/div><\/div><div class=\"swiper-slide\"><div class=\"swiper-container-outer none\"><img decoding=\"async\" src=\"https:\/\/itinerances-foto.com\/wp-content\/uploads\/2026\/03\/Dubelaar-4.webp\" alt=\"\"\/><div class=\"gutslider-caption bottom__left full__width\">Paulien DUBELAAR<\/div><\/div><\/div><div class=\"swiper-slide\"><div class=\"swiper-container-outer none\"><img decoding=\"async\" src=\"https:\/\/itinerances-foto.com\/wp-content\/uploads\/2026\/03\/Durand-Jasmine.webp\" alt=\"\"\/><div class=\"gutslider-caption bottom__left full__width\">Jasmine DURAND<\/div><\/div><\/div><div class=\"swiper-slide\"><div class=\"swiper-container-outer none\"><img decoding=\"async\" src=\"https:\/\/itinerances-foto.com\/wp-content\/uploads\/2026\/03\/FU-LE-4.webp\" alt=\"\"\/><div class=\"gutslider-caption bottom__left full__width\">FU LE<\/div><\/div><\/div><div class=\"swiper-slide\"><div class=\"swiper-container-outer none\"><img decoding=\"async\" src=\"https:\/\/itinerances-foto.com\/wp-content\/uploads\/2026\/03\/Gautreau-4.webp\" alt=\"\"\/><div class=\"gutslider-caption bottom__left full__width\">Jean-Loup GAUTREAU<\/div><\/div><\/div><div class=\"swiper-slide\"><div class=\"swiper-container-outer none\"><img decoding=\"async\" src=\"https:\/\/itinerances-foto.com\/wp-content\/uploads\/2026\/03\/Grappe-4.webp\" alt=\"\"\/><div class=\"gutslider-caption bottom__left full__width\">Didier GRAPPE<\/div><\/div><\/div><div class=\"swiper-slide\"><div class=\"swiper-container-outer none\"><img decoding=\"async\" src=\"https:\/\/itinerances-foto.com\/wp-content\/uploads\/2026\/03\/Hatier-4.webp\" alt=\"\"\/><div class=\"gutslider-caption bottom__left full__width\">Sophie HATIER<\/div><\/div><\/div><div class=\"swiper-slide\"><div class=\"swiper-container-outer none\"><img decoding=\"async\" src=\"https:\/\/itinerances-foto.com\/wp-content\/uploads\/2026\/03\/Khanh-OK-4.webp\" alt=\"\"\/><div class=\"gutslider-caption bottom__left full__width\">KHANH<\/div><\/div><\/div><div class=\"swiper-slide\"><div class=\"swiper-container-outer none\"><img decoding=\"async\" src=\"https:\/\/itinerances-foto.com\/wp-content\/uploads\/2026\/03\/Kukki-6.webp\" alt=\"\"\/><div class=\"gutslider-caption bottom__left full__width\">KUKKI<\/div><\/div><\/div><div class=\"swiper-slide\"><div class=\"swiper-container-outer none\"><img decoding=\"async\" src=\"https:\/\/itinerances-foto.com\/wp-content\/uploads\/2026\/03\/Llorens-3.webp\" alt=\"\"\/><div class=\"gutslider-caption bottom__left full__width\">Jaume LLORENS<\/div><\/div><\/div><div class=\"swiper-slide\"><div class=\"swiper-container-outer none\"><img decoding=\"async\" src=\"https:\/\/itinerances-foto.com\/wp-content\/uploads\/2026\/03\/Maufroy-4.webp\" alt=\"\"\/><div class=\"gutslider-caption bottom__left full__width\">Nathalie MAUFROY et Thibaut STREICHER<\/div><\/div><\/div><div class=\"swiper-slide\"><div class=\"swiper-container-outer none\"><img decoding=\"async\" src=\"https:\/\/itinerances-foto.com\/wp-content\/uploads\/2026\/03\/Mihman-5.webp\" alt=\"\"\/><div class=\"gutslider-caption bottom__left full__width\">Rose MIHMAN<\/div><\/div><\/div><div class=\"swiper-slide\"><div class=\"swiper-container-outer none\"><img decoding=\"async\" src=\"https:\/\/itinerances-foto.com\/wp-content\/uploads\/2026\/03\/Moniquet-4.webp\" alt=\"\"\/><div class=\"gutslider-caption bottom__left full__width\">Florence MONIQUET<\/div><\/div><\/div><div class=\"swiper-slide\"><div class=\"swiper-container-outer none\"><img decoding=\"async\" src=\"https:\/\/itinerances-foto.com\/wp-content\/uploads\/2026\/03\/PODA-4.webp\" alt=\"\"\/><div class=\"gutslider-caption bottom__left full__width\">PODA<\/div><\/div><\/div><div class=\"swiper-slide\"><div class=\"swiper-container-outer none\"><img decoding=\"async\" src=\"https:\/\/itinerances-foto.com\/wp-content\/uploads\/2026\/03\/Pollini-4.webp\" alt=\"\"\/><div class=\"gutslider-caption bottom__left full__width\">Marc POLLINI<\/div><\/div><\/div><div class=\"swiper-slide\"><div class=\"swiper-container-outer none\"><img decoding=\"async\" src=\"https:\/\/itinerances-foto.com\/wp-content\/uploads\/2026\/03\/Poncet-4.webp\" alt=\"\"\/><div class=\"gutslider-caption bottom__left full__width\">Christian PONCET<\/div><\/div><\/div><div class=\"swiper-slide\"><div class=\"swiper-container-outer none\"><img decoding=\"async\" src=\"https:\/\/itinerances-foto.com\/wp-content\/uploads\/2026\/03\/Ray-4.webp\" alt=\"\"\/><div class=\"gutslider-caption bottom__left full__width\">Marjorie RAY<\/div><\/div><\/div><div class=\"swiper-slide\"><div class=\"swiper-container-outer none\"><img decoding=\"async\" src=\"https:\/\/itinerances-foto.com\/wp-content\/uploads\/2026\/03\/Rousseau-4.webp\" alt=\"\"\/><div class=\"gutslider-caption bottom__left full__width\">Sandrine ROUSSEAU<\/div><\/div><\/div><div class=\"swiper-slide\"><div class=\"swiper-container-outer none\"><img decoding=\"async\" src=\"https:\/\/itinerances-foto.com\/wp-content\/uploads\/2026\/03\/Saada-4.webp\" alt=\"\"\/><div class=\"gutslider-caption bottom__left full__width\">Samuel SAADA<\/div><\/div><\/div><div class=\"swiper-slide\"><div class=\"swiper-container-outer none\"><img decoding=\"async\" src=\"https:\/\/itinerances-foto.com\/wp-content\/uploads\/2026\/03\/Sueur-4.webp\" alt=\"\"\/><div class=\"gutslider-caption bottom__left full__width\">Marie SUEUR<\/div><\/div><\/div><div class=\"swiper-slide\"><div class=\"swiper-container-outer none\"><img decoding=\"async\" src=\"https:\/\/itinerances-foto.com\/wp-content\/uploads\/2026\/03\/SystemD-4.webp\" alt=\"\"\/><div class=\"gutslider-caption bottom__left full__width\">SystemD<\/div><\/div><\/div><div class=\"swiper-slide\"><div class=\"swiper-container-outer none\"><img decoding=\"async\" src=\"https:\/\/itinerances-foto.com\/wp-content\/uploads\/2026\/03\/Taylor-4.webp\" alt=\"\"\/><div class=\"gutslider-caption bottom__left full__width\">Christopher TAYLOR<\/div><\/div><\/div><div class=\"swiper-slide\"><div class=\"swiper-container-outer none\"><img decoding=\"async\" src=\"https:\/\/itinerances-foto.com\/wp-content\/uploads\/2026\/03\/Virginie-4.webp\" alt=\"\"\/><div class=\"gutslider-caption bottom__left full__width\">Florence VIRGINIE<\/div><\/div><\/div><div class=\"swiper-slide\"><div class=\"swiper-container-outer none\"><img decoding=\"async\" src=\"https:\/\/itinerances-foto.com\/wp-content\/uploads\/2026\/03\/Wlody-4.webp\" alt=\"\"\/><div class=\"gutslider-caption bottom__left full__width\">V\u00e9ronique WLODY<\/div><\/div><\/div><\/div><\/div><\/div>\n\n\n\n<div style=\"height:20px\" aria-hidden=\"true\" class=\"wp-block-spacer\"><\/div>\n\n\n\n<div style=\"height:40px\" aria-hidden=\"true\" class=\"wp-block-spacer\"><\/div>\n\n\n\n<p>Itin\u00e9rances Foto,&nbsp;rendez-vous photographique annuel de S\u00e8te, lance sa 4e \u00e9dition du 9 au 31 mai prochain. Le festival grandit, affirme son identit\u00e9, enrichit sa programmation en tissant des liens avec les acteurs culturels s\u00e9tois\u2026<\/p>\n\n\n\n<p>La th\u00e9matique de cette ann\u00e9e \u00ab&nbsp;<em>Et si c\u2019\u00e9tait \u00e7a la vie<\/em>&nbsp;\u00bb nous interroge sur l\u2019humain, le vivant, sa place au c\u0153ur de ce monde \u00e9nigmatique que les artistes, notamment les photographes, nous aident \u00e0 questionner, \u00e0 appr\u00e9hender.<\/p>\n\n\n\n<p>Itin\u00e9rances Foto&nbsp;&nbsp;&#8211; ( IF )&nbsp;&#8211;&nbsp;&nbsp;commencera cette ann\u00e9e encore par un pr\u00e9lude \u00e0 la chapelle du Quartier Haut avec deux artistes de renom invit\u00e9s&nbsp;: Dolor\u00e8s Marat, que le monde de la photographie a souvent honor\u00e9e pour la singularit\u00e9 de son propos, et Ed Alcock, laur\u00e9at du Prix Niepce 2025. Il sera suivi, du 14 au 31 mai, par un parcours photographique gratuit et ouvert \u00e0 tous les publics \u00e0 travers les rues, quais, jardins, places et galeries de toute la ville de S\u00e8te.<\/p>\n\n\n\n<p>Par ce parcours dans plus d\u2019une vingtaine de lieux, trente-trois photographes ainsi qu\u2019un collectif de jeunes dipl\u00f4m\u00e9s, offriront qualit\u00e9 et diversit\u00e9 au travers de techniques photographiques vari\u00e9es, \u00e0 un public de fid\u00e8les de plus en plus nombreux.<\/p>\n\n\n\n<p>Itin\u00e9rances Foto&nbsp;est soutenu par la Drac Occitanie, la R\u00e9gion Occitanie, le D\u00e9partement de l&rsquo;H\u00e9rault et la Ville de S\u00e8te.<\/p>\n\n\n\n<p><\/p>\n\n\n\n<p><\/p>\n","protected":false},"excerpt":{"rendered":"<p>Itin\u00e9rances Foto,&nbsp;rendez-vous photographique annuel de S\u00e8te, lance sa 4e \u00e9dition du 9 au 31 mai prochain. Le festival grandit, affirme son identit\u00e9, enrichit sa programmation en tissant des liens avec les acteurs culturels s\u00e9tois\u2026 La th\u00e9matique de cette ann\u00e9e \u00ab&nbsp;Et si c\u2019\u00e9tait \u00e7a la vie&nbsp;\u00bb nous interroge sur l\u2019humain, le vivant, sa place au c\u0153ur&#8230;<\/p>\n","protected":false},"author":1,"featured_media":0,"parent":0,"menu_order":0,"comment_status":"closed","ping_status":"closed","template":"","meta":{"footnotes":""},"class_list":["post-2","page","type-page","status-publish","hentry"],"_links":{"self":[{"href":"https:\/\/itinerances-foto.com\/index.php\/wp-json\/wp\/v2\/pages\/2","targetHints":{"allow":["GET"]}}],"collection":[{"href":"https:\/\/itinerances-foto.com\/index.php\/wp-json\/wp\/v2\/pages"}],"about":[{"href":"https:\/\/itinerances-foto.com\/index.php\/wp-json\/wp\/v2\/types\/page"}],"author":[{"embeddable":true,"href":"https:\/\/itinerances-foto.com\/index.php\/wp-json\/wp\/v2\/users\/1"}],"replies":[{"embeddable":true,"href":"https:\/\/itinerances-foto.com\/index.php\/wp-json\/wp\/v2\/comments?post=2"}],"version-history":[{"count":40,"href":"https:\/\/itinerances-foto.com\/index.php\/wp-json\/wp\/v2\/pages\/2\/revisions"}],"predecessor-version":[{"id":1177,"href":"https:\/\/itinerances-foto.com\/index.php\/wp-json\/wp\/v2\/pages\/2\/revisions\/1177"}],"wp:attachment":[{"href":"https:\/\/itinerances-foto.com\/index.php\/wp-json\/wp\/v2\/media?parent=2"}],"curies":[{"name":"wp","href":"https:\/\/api.w.org\/{rel}","templated":true}]}}